{"id":2,"date":"2019-05-29T13:05:19","date_gmt":"2019-05-29T11:05:19","guid":{"rendered":"https:\/\/www.simonagumanova.sk\/?page_id=2"},"modified":"2024-04-17T09:11:10","modified_gmt":"2024-04-17T07:11:10","slug":"o-mne","status":"publish","type":"page","link":"https:\/\/www.simonagumanova.sk\/de\/o-mne\/","title":{"rendered":"\u00dcBER MICH"},"content":{"rendered":"<p><\/p>\n\n\n\n<p><\/p>\n\n\n\n<p class=\"has-text-align-center\"><em>Na mojom webe n\u00e1jde\u0161 k\u00fasok m\u00f4jho \u017eivota, moje z\u00e1\u013euby, ako cestovanie, ktor\u00e9 ma nap\u013a\u0148a a rob\u00ed \u0161\u0165astnou. Pomaly ale isto si pln\u00edm svoje cestovate\u013esk\u00e9 sny, o ktor\u00e9 by som sa rada podelila. \u010cl\u00e1nky obsahuj\u00fa moje z\u00e1\u017eitky, my\u0161lienky, odpor\u00fa\u010dania \u010di tipy. <br>Taktie\u017e nepoh\u0155dnem ani kvalitnou gastron\u00f3miou, sekcia &#8222;Mystery tasting&#8220; obsahuje zauj\u00edmav\u00e9 re\u0161taur\u00e1cie na Slovensku s mojou recenziou.<\/em><br><br><em>Neodlu\u010dite\u013en\u00fa \u00fa\u010das\u0165ou m\u00f4jho \u017eivota tvor\u00ed moja rodina, priatelia, \u0161port, dobr\u00e9 jedlo a smiech. Za tieto veci som v \u017eivote ve\u013emi v\u010fa\u010dn\u00e1.<\/em><\/p>\n\n\n\n<p class=\"has-text-align-center\"><em>Ich glaube, Sie werden hier ein St\u00fcck finden, das Ihren Tag angenehmer macht.<\/em> <br><\/p>\n\n\n\n<p class=\"has-text-align-center\"><em>Simona<\/em><\/p>\n\n\n\n<p><\/p>\n\n\n\n<p><a rel=\"noreferrer noopener\" aria-label=\"instagram.com\/simgumanova\/ (otvor\u00ed sa v novej karte)\" href=\"https:\/\/www.instagram.com\/simgumanova\/\" target=\"_blank\">instagram.com\/simgumanova\/<\/a><\/p>\n\n\n\n<p><br><br><br><\/p>","protected":false},"excerpt":{"rendered":"<div class=\"entry-summary\">\nNa mojom webe n\u00e1jde\u0161 k\u00fasok m\u00f4jho \u017eivota, moje z\u00e1\u013euby, ako cestovanie, ktor\u00e9&hellip;\n<\/div>\n<div class=\"link-more\"><a href=\"https:\/\/www.simonagumanova.sk\/de\/o-mne\/\" class=\"more-link\">Continue reading<span class=\"screen-reader-text\"> &ldquo;O MNE&rdquo;<\/span>&hellip;<\/a><\/div>","protected":false},"author":1,"featured_media":0,"parent":0,"menu_order":0,"comment_status":"closed","ping_status":"open","template":"","meta":{"_mi_skip_tracking":false,"ngg_post_thumbnail":0},"_links":{"self":[{"href":"https:\/\/www.simonagumanova.sk\/de\/wp-json\/wp\/v2\/pages\/2"}],"collection":[{"href":"https:\/\/www.simonagumanova.sk\/de\/wp-json\/wp\/v2\/pages"}],"about":[{"href":"https:\/\/www.simonagumanova.sk\/de\/wp-json\/wp\/v2\/types\/page"}],"author":[{"embeddable":true,"href":"https:\/\/www.simonagumanova.sk\/de\/wp-json\/wp\/v2\/users\/1"}],"replies":[{"embeddable":true,"href":"https:\/\/www.simonagumanova.sk\/de\/wp-json\/wp\/v2\/comments?post=2"}],"version-history":[{"count":18,"href":"https:\/\/www.simonagumanova.sk\/de\/wp-json\/wp\/v2\/pages\/2\/revisions"}],"predecessor-version":[{"id":3824,"href":"https:\/\/www.simonagumanova.sk\/de\/wp-json\/wp\/v2\/pages\/2\/revisions\/3824"}],"wp:attachment":[{"href":"https:\/\/www.simonagumanova.sk\/de\/wp-json\/wp\/v2\/media?parent=2"}],"curies":[{"name":"wp","href":"https:\/\/api.w.org\/{rel}","templated":true}]}}